{"id":2929,"date":"2020-12-06T20:53:00","date_gmt":"2020-12-06T17:53:00","guid":{"rendered":"https:\/\/center.ecertificated.xyz\/?page_id=2929"},"modified":"2021-04-02T23:56:19","modified_gmt":"2021-04-02T20:56:19","slug":"merkezinin-tanitimi","status":"publish","type":"page","link":"https:\/\/sydialogue.org\/tr\/merkezinin-tanitimi\/","title":{"rendered":"Merkez Tan\u0131t\u0131m\u0131"},"content":{"rendered":"<p dir=\"ltr\"><span style=\"color: #c0392b;\">Suriye Diyalog Merkezi:<\/span><\/p>\n<p dir=\"ltr\">Suriye halk\u0131yla ilgili konularda diyalo\u011fu canland\u0131rmay\u0131 ve harekete ge\u00e7irmeyi hedefleyen, Suriyeliler aras\u0131ndaki i\u015fbirli\u011fi, koordinasyon ve ili\u015fkileri g\u00fc\u00e7lendirmeyi ama\u00e7layan bir Suriye Sivil Toplum Kurulu\u015fudur.<\/p>\n<p dir=\"ltr\"><span style=\"color: #c0392b;\">Vizyon:<\/span><br \/>\nSuriye diyalo\u011funa g\u00fcvenli bir ev olmak, ve diyalog k\u00fclt\u00fcr\u00fcn\u00fc desteklemek i\u00e7in \u00f6nc\u00fc \u00f6rnek<\/p>\n<p dir=\"ltr\"><span style=\"color: #c0392b;\">Misyon:<\/span><br \/>\nSuriyelilerin ortak zorluklar\u0131na pratik \u00e7\u00f6z\u00fcm bulmas\u0131, entegrasyon ve birlikte ya\u015famay\u0131 ger\u00e7ekle\u015ftirmesi ve ulusal kararlar\u0131 mant\u0131kl\u0131 hale getirmesini sa\u011flayan olumlu diyalo\u011fu etkinle\u015ftirmek<\/p>\n<p dir=\"ltr\"><span style=\"color: #c0392b;\">De\u011ferler:<\/span><br \/>\n1- diyalo\u011fun profesyonel ara\u00e7lar\u0131na ve edebiyetine uymak<br \/>\n2- konu se\u00e7iminde m\u00fckemmellik ve zorluklarla m\u00fccadele etmek<br \/>\n3- Milli menfaat, herhangi bir s\u0131n\u0131fsal ba\u011fl\u0131l\u0131k veya d\u0131\u015fsal aidiyetlere \u00fcst\u00fcn kabul etmek<br \/>\n4- T\u00fcm g\u00f6r\u00fc\u015fleri anlamak ve farkl\u0131 fikirlere sayg\u0131 g\u00f6stermek<\/p>\n<p dir=\"ltr\"><a href=\"http:\/\/sydialogue.org\/wp-content\/uploads\/2021\/04\/MerkezProfili.pdf\"><span style=\"color: #c0392b;\">Merkezin profilini indirin<\/span><\/a><\/p>\n<p dir=\"ltr\">\n","protected":false},"excerpt":{"rendered":"<p>Suriye Diyalog Merkezi: Suriye halk\u0131yla ilgili konularda diyalo\u011fu canland\u0131rmay\u0131 ve harekete ge\u00e7irmeyi hedefleyen, Suriyeliler aras\u0131ndaki i\u015fbirli\u011fi, koordinasyon ve ili\u015fkileri g\u00fc\u00e7lendirmeyi ama\u00e7layan bir Suriye Sivil Toplum Kurulu\u015fudur. Vizyon: Suriye diyalo\u011funa g\u00fcvenli bir ev olmak, ve diyalog k\u00fclt\u00fcr\u00fcn\u00fc desteklemek i\u00e7in \u00f6nc\u00fc \u00f6rnek Misyon: Suriyelilerin ortak zorluklar\u0131na pratik \u00e7\u00f6z\u00fcm bulmas\u0131, entegrasyon ve birlikte ya\u015famay\u0131 ger\u00e7ekle\u015ftirmesi ve ulusal kararlar\u0131 &hellip;<\/p>\n","protected":false},"author":1,"featured_media":0,"parent":0,"menu_order":0,"comment_status":"closed","ping_status":"closed","template":"","meta":{"_acf_changed":false,"footnotes":""},"class_list":["post-2929","page","type-page","status-publish","hentry"],"acf":[],"yoast_head":"<!-- This site is optimized with the Yoast SEO plugin v26.0 - https:\/\/yoast.com\/wordpress\/plugins\/seo\/ -->\n<title>Merkez Tan\u0131t\u0131m\u0131 - Suriye Diyalog Merkezi<\/title>\n<meta name=\"description\" content=\"Suriye halk\u0131yla ilgili konularda diyalo\u011fu canland\u0131rmay\u0131 ve harekete ge\u00e7irmeyi hedefleyen, Suriyeliler aras\u0131ndaki i\u015fbirli\u011fi, koordinasyon ve ili\u015fkileri g\u00fc\u00e7lendirmeyi ama\u00e7layan bir Suriye Sivil Toplum Kurulu\u015fudur.\" \/>\n<meta name=\"robots\" content=\"index, follow, max-snippet:-1, max-image-preview:large, max-video-preview:-1\" \/>\n<link rel=\"canonical\" href=\"https:\/\/sydialogue.org\/tr\/merkezinin-tanitimi\/\" \/>\n<meta property=\"og:locale\" content=\"tr_TR\" \/>\n<meta property=\"og:type\" content=\"article\" \/>\n<meta property=\"og:title\" content=\"Merkez Tan\u0131t\u0131m\u0131 - Suriye Diyalog Merkezi\" \/>\n<meta property=\"og:description\" content=\"Suriye halk\u0131yla ilgili konularda diyalo\u011fu canland\u0131rmay\u0131 ve harekete ge\u00e7irmeyi hedefleyen, Suriyeliler aras\u0131ndaki i\u015fbirli\u011fi, koordinasyon ve ili\u015fkileri g\u00fc\u00e7lendirmeyi ama\u00e7layan bir Suriye Sivil Toplum Kurulu\u015fudur.\" \/>\n<meta property=\"og:url\" content=\"https:\/\/sydialogue.org\/tr\/merkezinin-tanitimi\/\" \/>\n<meta property=\"og:site_name\" content=\"Suriye Diyalog Merkezi\" \/>\n<meta property=\"article:publisher\" content=\"https:\/\/www.facebook.com\/Sydialogue\" \/>\n<meta property=\"article:modified_time\" content=\"2021-04-02T20:56:19+00:00\" \/>\n<meta name=\"twitter:card\" content=\"summary_large_image\" \/>\n<meta name=\"twitter:site\" content=\"@Sydialogue\" \/>\n<meta name=\"twitter:label1\" content=\"Tahmini okuma s\u00fcresi\" \/>\n\t<meta name=\"twitter:data1\" content=\"1 dakika\" \/>\n<script type=\"application\/ld+json\" class=\"yoast-schema-graph\">{\"@context\":\"https:\/\/schema.org\",\"@graph\":[{\"@type\":\"WebPage\",\"@id\":\"https:\/\/sydialogue.org\/tr\/merkezinin-tanitimi\/\",\"url\":\"https:\/\/sydialogue.org\/tr\/merkezinin-tanitimi\/\",\"name\":\"Merkez Tan\u0131t\u0131m\u0131 - Suriye Diyalog Merkezi\",\"isPartOf\":{\"@id\":\"https:\/\/sydialogue.org\/tr\/#website\"},\"datePublished\":\"2020-12-06T17:53:00+00:00\",\"dateModified\":\"2021-04-02T20:56:19+00:00\",\"description\":\"Suriye halk\u0131yla ilgili konularda diyalo\u011fu canland\u0131rmay\u0131 ve harekete ge\u00e7irmeyi hedefleyen, Suriyeliler aras\u0131ndaki i\u015fbirli\u011fi, koordinasyon ve ili\u015fkileri g\u00fc\u00e7lendirmeyi ama\u00e7layan bir Suriye Sivil Toplum Kurulu\u015fudur.\",\"breadcrumb\":{\"@id\":\"https:\/\/sydialogue.org\/tr\/merkezinin-tanitimi\/#breadcrumb\"},\"inLanguage\":\"tr\",\"potentialAction\":[{\"@type\":\"ReadAction\",\"target\":[\"https:\/\/sydialogue.org\/tr\/merkezinin-tanitimi\/\"]}]},{\"@type\":\"BreadcrumbList\",\"@id\":\"https:\/\/sydialogue.org\/tr\/merkezinin-tanitimi\/#breadcrumb\",\"itemListElement\":[{\"@type\":\"ListItem\",\"position\":1,\"name\":\"\u0627\u0644\u0631\u0626\u064a\u0633\u064a\u0629\",\"item\":\"https:\/\/sydialogue.org\/tr\/\"},{\"@type\":\"ListItem\",\"position\":2,\"name\":\"Merkez Tan\u0131t\u0131m\u0131\"}]},{\"@type\":\"WebSite\",\"@id\":\"https:\/\/sydialogue.org\/tr\/#website\",\"url\":\"https:\/\/sydialogue.org\/tr\/\",\"name\":\"\u0645\u0631\u0643\u0632 \u0627\u0644\u062d\u0648\u0627\u0631 \u0627\u0644\u0633\u0648\u0631\u064a\",\"description\":\"Suriyeli bir sivil kurum, Suriye halk\u0131n\u0131 ilgilendiren konularda diyalo\u011fu canland\u0131rmay\u0131 ve harekete ge\u00e7irmeyi hedefliyor ve Suriyeliler aras\u0131nda ili\u015fkileri g\u00fc\u00e7lendirmeye ve i\u015fbirli\u011fi ve koordinasyonu harekete ge\u00e7irmeye \u00e7al\u0131\u015f\u0131yor.\",\"potentialAction\":[{\"@type\":\"SearchAction\",\"target\":{\"@type\":\"EntryPoint\",\"urlTemplate\":\"https:\/\/sydialogue.org\/tr\/?s={search_term_string}\"},\"query-input\":{\"@type\":\"PropertyValueSpecification\",\"valueRequired\":true,\"valueName\":\"search_term_string\"}}],\"inLanguage\":\"tr\"}]}<\/script>\n<!-- \/ Yoast SEO plugin. -->","yoast_head_json":{"title":"Merkez Tan\u0131t\u0131m\u0131 - Suriye Diyalog Merkezi","description":"Suriye halk\u0131yla ilgili konularda diyalo\u011fu canland\u0131rmay\u0131 ve harekete ge\u00e7irmeyi hedefleyen, Suriyeliler aras\u0131ndaki i\u015fbirli\u011fi, koordinasyon ve ili\u015fkileri g\u00fc\u00e7lendirmeyi ama\u00e7layan bir Suriye Sivil Toplum Kurulu\u015fudur.","robots":{"index":"index","follow":"follow","max-snippet":"max-snippet:-1","max-image-preview":"max-image-preview:large","max-video-preview":"max-video-preview:-1"},"canonical":"https:\/\/sydialogue.org\/tr\/merkezinin-tanitimi\/","og_locale":"tr_TR","og_type":"article","og_title":"Merkez Tan\u0131t\u0131m\u0131 - Suriye Diyalog Merkezi","og_description":"Suriye halk\u0131yla ilgili konularda diyalo\u011fu canland\u0131rmay\u0131 ve harekete ge\u00e7irmeyi hedefleyen, Suriyeliler aras\u0131ndaki i\u015fbirli\u011fi, koordinasyon ve ili\u015fkileri g\u00fc\u00e7lendirmeyi ama\u00e7layan bir Suriye Sivil Toplum Kurulu\u015fudur.","og_url":"https:\/\/sydialogue.org\/tr\/merkezinin-tanitimi\/","og_site_name":"Suriye Diyalog Merkezi","article_publisher":"https:\/\/www.facebook.com\/Sydialogue","article_modified_time":"2021-04-02T20:56:19+00:00","twitter_card":"summary_large_image","twitter_site":"@Sydialogue","twitter_misc":{"Tahmini okuma s\u00fcresi":"1 dakika"},"schema":{"@context":"https:\/\/schema.org","@graph":[{"@type":"WebPage","@id":"https:\/\/sydialogue.org\/tr\/merkezinin-tanitimi\/","url":"https:\/\/sydialogue.org\/tr\/merkezinin-tanitimi\/","name":"Merkez Tan\u0131t\u0131m\u0131 - Suriye Diyalog Merkezi","isPartOf":{"@id":"https:\/\/sydialogue.org\/tr\/#website"},"datePublished":"2020-12-06T17:53:00+00:00","dateModified":"2021-04-02T20:56:19+00:00","description":"Suriye halk\u0131yla ilgili konularda diyalo\u011fu canland\u0131rmay\u0131 ve harekete ge\u00e7irmeyi hedefleyen, Suriyeliler aras\u0131ndaki i\u015fbirli\u011fi, koordinasyon ve ili\u015fkileri g\u00fc\u00e7lendirmeyi ama\u00e7layan bir Suriye Sivil Toplum Kurulu\u015fudur.","breadcrumb":{"@id":"https:\/\/sydialogue.org\/tr\/merkezinin-tanitimi\/#breadcrumb"},"inLanguage":"tr","potentialAction":[{"@type":"ReadAction","target":["https:\/\/sydialogue.org\/tr\/merkezinin-tanitimi\/"]}]},{"@type":"BreadcrumbList","@id":"https:\/\/sydialogue.org\/tr\/merkezinin-tanitimi\/#breadcrumb","itemListElement":[{"@type":"ListItem","position":1,"name":"\u0627\u0644\u0631\u0626\u064a\u0633\u064a\u0629","item":"https:\/\/sydialogue.org\/tr\/"},{"@type":"ListItem","position":2,"name":"Merkez Tan\u0131t\u0131m\u0131"}]},{"@type":"WebSite","@id":"https:\/\/sydialogue.org\/tr\/#website","url":"https:\/\/sydialogue.org\/tr\/","name":"\u0645\u0631\u0643\u0632 \u0627\u0644\u062d\u0648\u0627\u0631 \u0627\u0644\u0633\u0648\u0631\u064a","description":"Suriyeli bir sivil kurum, Suriye halk\u0131n\u0131 ilgilendiren konularda diyalo\u011fu canland\u0131rmay\u0131 ve harekete ge\u00e7irmeyi hedefliyor ve Suriyeliler aras\u0131nda ili\u015fkileri g\u00fc\u00e7lendirmeye ve i\u015fbirli\u011fi ve koordinasyonu harekete ge\u00e7irmeye \u00e7al\u0131\u015f\u0131yor.","potentialAction":[{"@type":"SearchAction","target":{"@type":"EntryPoint","urlTemplate":"https:\/\/sydialogue.org\/tr\/?s={search_term_string}"},"query-input":{"@type":"PropertyValueSpecification","valueRequired":true,"valueName":"search_term_string"}}],"inLanguage":"tr"}]}},"_links":{"self":[{"href":"https:\/\/sydialogue.org\/tr\/wp-json\/wp\/v2\/pages\/2929","targetHints":{"allow":["GET"]}}],"collection":[{"href":"https:\/\/sydialogue.org\/tr\/wp-json\/wp\/v2\/pages"}],"about":[{"href":"https:\/\/sydialogue.org\/tr\/wp-json\/wp\/v2\/types\/page"}],"author":[{"embeddable":true,"href":"https:\/\/sydialogue.org\/tr\/wp-json\/wp\/v2\/users\/1"}],"replies":[{"embeddable":true,"href":"https:\/\/sydialogue.org\/tr\/wp-json\/wp\/v2\/comments?post=2929"}],"version-history":[{"count":4,"href":"https:\/\/sydialogue.org\/tr\/wp-json\/wp\/v2\/pages\/2929\/revisions"}],"predecessor-version":[{"id":5344,"href":"https:\/\/sydialogue.org\/tr\/wp-json\/wp\/v2\/pages\/2929\/revisions\/5344"}],"wp:attachment":[{"href":"https:\/\/sydialogue.org\/tr\/wp-json\/wp\/v2\/media?parent=2929"}],"curies":[{"name":"wp","href":"https:\/\/api.w.org\/{rel}","templated":true}]}}