{"id":2939,"date":"2020-12-06T21:57:22","date_gmt":"2020-12-06T18:57:22","guid":{"rendered":"https:\/\/center.ecertificated.xyz\/?page_id=2939"},"modified":"2020-12-28T17:01:22","modified_gmt":"2020-12-28T14:01:22","slug":"politika-analizi-birimi","status":"publish","type":"page","link":"https:\/\/sydialogue.org\/tr\/politika-analizi-birimi\/","title":{"rendered":"Politika Analiz Birimi"},"content":{"rendered":"<p dir=\"ltr\"><strong>Politika Analiz Birimi<\/strong><\/p>\n<p dir=\"ltr\">Politika analiz birimi, Suriye dosyas\u0131ndaki \u00e7e\u015fitli uluslararas\u0131, b\u00f6lgesel veya yerel akt\u00f6rlerin politikalar\u0131n\u0131 incelemek ve analiz etmekle ilgileniyor.<\/p>\n<p dir=\"ltr\"><strong>Ni\u00e7in farkl\u0131 akt\u00f6rlerin siyasetleriyle ilgilenmek?<\/strong><\/p>\n<p dir=\"ltr\">Suriye Diyalog Merkezi, Suriyeliler ile siyasi ve toplumsal g\u00fc\u00e7ler aras\u0131nda yeni ve \u00f6zg\u00fcr bir Suriye&#8217;ye ula\u015fmak i\u00e7in i\u015f birli\u011fi sa\u011flayacak \u015fekilde uzla\u015ft\u0131rma yolunda y\u00fcce bir mesaja sahiptir.<\/p>\n<p dir=\"ltr\">\u00d6yle ki, Suriye meselesi \u00e7e\u015fitli yerel, b\u00f6lgesel ve uluslararas\u0131 akt\u00f6rlerin etkile\u015fimi ile y\u00f6netilirken diyalog i\u00e7in sa\u011flam ve ger\u00e7ek\u00e7i bir zemin sa\u011flamak ad\u0131na, politikalar\u0131n\u0131 analiz edip do\u011fru bir \u015fekilde anlamaya \u00e7al\u0131\u015farak, akt\u00f6rlerin eylemlerinin ve davran\u0131\u015flar\u0131n\u0131n kavranmas\u0131 zorunlu hale gelmi\u015ftir.<\/p>\n<p dir=\"ltr\">Birim; uzmanlar, karar vericiler veya onlara m\u00fcmk\u00fcn oldu\u011funca yak\u0131n olanlarla \u00e7e\u015fitli ara\u015ft\u0131rma ara\u00e7lar\u0131 ve diyaloglar kullanarak, \u00fcst\u00fcn bir bilgi boyutu sunabilen profesyonel analitik ara\u015ft\u0131rmalar ve makaleler \u00fcretmek i\u00e7in u\u011fra\u015f veriyor. Bunun yan\u0131 s\u0131ra, analizleri olgunla\u015ft\u0131rmak ve de\u011ferlendirmek ya da yayg\u0131nla\u015ft\u0131r\u0131lmas\u0131na katk\u0131 sunmak amac\u0131yla diyalog etkinlikleri d\u00fczenliyor.<\/p>\n<p dir=\"ltr\">Ayr\u0131ca birim, halkla ili\u015fkiler ve medya program\u0131n\u0131n \u00e7abalar\u0131yla, Merkez\u2019deki ara\u015ft\u0131rmac\u0131lar\u0131n ve uzmanlar\u0131n medya ara\u00e7lar\u0131 ile yapt\u0131\u011f\u0131 bas\u0131n a\u00e7\u0131klamalar\u0131 ve r\u00f6portajlar yoluyla Suriyelilerin geneli aras\u0131nda siyasi fark\u0131ndal\u0131\u011f\u0131 yaymaya \u00e7al\u0131\u015fmaktad\u0131r.<\/p>\n<p dir=\"ltr\">\n","protected":false},"excerpt":{"rendered":"<p>Politika Analiz Birimi Politika analiz birimi, Suriye dosyas\u0131ndaki \u00e7e\u015fitli uluslararas\u0131, b\u00f6lgesel veya yerel akt\u00f6rlerin politikalar\u0131n\u0131 incelemek ve analiz etmekle ilgileniyor. Ni\u00e7in farkl\u0131 akt\u00f6rlerin siyasetleriyle ilgilenmek? Suriye Diyalog Merkezi, Suriyeliler ile siyasi ve toplumsal g\u00fc\u00e7ler aras\u0131nda yeni ve \u00f6zg\u00fcr bir Suriye&#8217;ye ula\u015fmak i\u00e7in i\u015f birli\u011fi sa\u011flayacak \u015fekilde uzla\u015ft\u0131rma yolunda y\u00fcce bir mesaja sahiptir. \u00d6yle ki, Suriye &hellip;<\/p>\n","protected":false},"author":1,"featured_media":0,"parent":0,"menu_order":0,"comment_status":"closed","ping_status":"closed","template":"","meta":{"_acf_changed":false,"footnotes":""},"class_list":["post-2939","page","type-page","status-publish","hentry"],"acf":[],"yoast_head":"<!-- This site is optimized with the Yoast SEO plugin v26.0 - https:\/\/yoast.com\/wordpress\/plugins\/seo\/ -->\n<title>Politika Analiz Birimi - Suriye Diyalog Merkezi<\/title>\n<meta name=\"description\" content=\"Politika analiz birimi, Suriye dosyas\u0131ndaki \u00e7e\u015fitli uluslararas\u0131, b\u00f6lgesel veya yerel akt\u00f6rlerin politikalar\u0131n\u0131 incelemek ve analiz etmekle ilgileniyor.\" \/>\n<meta name=\"robots\" content=\"index, follow, max-snippet:-1, max-image-preview:large, max-video-preview:-1\" \/>\n<link rel=\"canonical\" href=\"https:\/\/sydialogue.org\/tr\/politika-analizi-birimi\/\" \/>\n<meta property=\"og:locale\" content=\"tr_TR\" \/>\n<meta property=\"og:type\" content=\"article\" \/>\n<meta property=\"og:title\" content=\"Politika Analiz Birimi - Suriye Diyalog Merkezi\" \/>\n<meta property=\"og:description\" content=\"Politika analiz birimi, Suriye dosyas\u0131ndaki \u00e7e\u015fitli uluslararas\u0131, b\u00f6lgesel veya yerel akt\u00f6rlerin politikalar\u0131n\u0131 incelemek ve analiz etmekle ilgileniyor.\" \/>\n<meta property=\"og:url\" content=\"https:\/\/sydialogue.org\/tr\/politika-analizi-birimi\/\" \/>\n<meta property=\"og:site_name\" content=\"Suriye Diyalog Merkezi\" \/>\n<meta property=\"article:publisher\" content=\"https:\/\/www.facebook.com\/Sydialogue\" \/>\n<meta property=\"article:modified_time\" content=\"2020-12-28T14:01:22+00:00\" \/>\n<meta name=\"twitter:card\" content=\"summary_large_image\" \/>\n<meta name=\"twitter:site\" content=\"@Sydialogue\" \/>\n<meta name=\"twitter:label1\" content=\"Tahmini okuma s\u00fcresi\" \/>\n\t<meta name=\"twitter:data1\" content=\"1 dakika\" \/>\n<script type=\"application\/ld+json\" class=\"yoast-schema-graph\">{\"@context\":\"https:\/\/schema.org\",\"@graph\":[{\"@type\":\"WebPage\",\"@id\":\"https:\/\/sydialogue.org\/tr\/politika-analizi-birimi\/\",\"url\":\"https:\/\/sydialogue.org\/tr\/politika-analizi-birimi\/\",\"name\":\"Politika Analiz Birimi - Suriye Diyalog Merkezi\",\"isPartOf\":{\"@id\":\"https:\/\/sydialogue.org\/tr\/#website\"},\"datePublished\":\"2020-12-06T18:57:22+00:00\",\"dateModified\":\"2020-12-28T14:01:22+00:00\",\"description\":\"Politika analiz birimi, Suriye dosyas\u0131ndaki \u00e7e\u015fitli uluslararas\u0131, b\u00f6lgesel veya yerel akt\u00f6rlerin politikalar\u0131n\u0131 incelemek ve analiz etmekle ilgileniyor.\",\"breadcrumb\":{\"@id\":\"https:\/\/sydialogue.org\/tr\/politika-analizi-birimi\/#breadcrumb\"},\"inLanguage\":\"tr\",\"potentialAction\":[{\"@type\":\"ReadAction\",\"target\":[\"https:\/\/sydialogue.org\/tr\/politika-analizi-birimi\/\"]}]},{\"@type\":\"BreadcrumbList\",\"@id\":\"https:\/\/sydialogue.org\/tr\/politika-analizi-birimi\/#breadcrumb\",\"itemListElement\":[{\"@type\":\"ListItem\",\"position\":1,\"name\":\"\u0627\u0644\u0631\u0626\u064a\u0633\u064a\u0629\",\"item\":\"https:\/\/sydialogue.org\/tr\/\"},{\"@type\":\"ListItem\",\"position\":2,\"name\":\"Politika Analiz Birimi\"}]},{\"@type\":\"WebSite\",\"@id\":\"https:\/\/sydialogue.org\/tr\/#website\",\"url\":\"https:\/\/sydialogue.org\/tr\/\",\"name\":\"\u0645\u0631\u0643\u0632 \u0627\u0644\u062d\u0648\u0627\u0631 \u0627\u0644\u0633\u0648\u0631\u064a\",\"description\":\"Suriyeli bir sivil kurum, Suriye halk\u0131n\u0131 ilgilendiren konularda diyalo\u011fu canland\u0131rmay\u0131 ve harekete ge\u00e7irmeyi hedefliyor ve Suriyeliler aras\u0131nda ili\u015fkileri g\u00fc\u00e7lendirmeye ve i\u015fbirli\u011fi ve koordinasyonu harekete ge\u00e7irmeye \u00e7al\u0131\u015f\u0131yor.\",\"potentialAction\":[{\"@type\":\"SearchAction\",\"target\":{\"@type\":\"EntryPoint\",\"urlTemplate\":\"https:\/\/sydialogue.org\/tr\/?s={search_term_string}\"},\"query-input\":{\"@type\":\"PropertyValueSpecification\",\"valueRequired\":true,\"valueName\":\"search_term_string\"}}],\"inLanguage\":\"tr\"}]}<\/script>\n<!-- \/ Yoast SEO plugin. -->","yoast_head_json":{"title":"Politika Analiz Birimi - Suriye Diyalog Merkezi","description":"Politika analiz birimi, Suriye dosyas\u0131ndaki \u00e7e\u015fitli uluslararas\u0131, b\u00f6lgesel veya yerel akt\u00f6rlerin politikalar\u0131n\u0131 incelemek ve analiz etmekle ilgileniyor.","robots":{"index":"index","follow":"follow","max-snippet":"max-snippet:-1","max-image-preview":"max-image-preview:large","max-video-preview":"max-video-preview:-1"},"canonical":"https:\/\/sydialogue.org\/tr\/politika-analizi-birimi\/","og_locale":"tr_TR","og_type":"article","og_title":"Politika Analiz Birimi - Suriye Diyalog Merkezi","og_description":"Politika analiz birimi, Suriye dosyas\u0131ndaki \u00e7e\u015fitli uluslararas\u0131, b\u00f6lgesel veya yerel akt\u00f6rlerin politikalar\u0131n\u0131 incelemek ve analiz etmekle ilgileniyor.","og_url":"https:\/\/sydialogue.org\/tr\/politika-analizi-birimi\/","og_site_name":"Suriye Diyalog Merkezi","article_publisher":"https:\/\/www.facebook.com\/Sydialogue","article_modified_time":"2020-12-28T14:01:22+00:00","twitter_card":"summary_large_image","twitter_site":"@Sydialogue","twitter_misc":{"Tahmini okuma s\u00fcresi":"1 dakika"},"schema":{"@context":"https:\/\/schema.org","@graph":[{"@type":"WebPage","@id":"https:\/\/sydialogue.org\/tr\/politika-analizi-birimi\/","url":"https:\/\/sydialogue.org\/tr\/politika-analizi-birimi\/","name":"Politika Analiz Birimi - Suriye Diyalog Merkezi","isPartOf":{"@id":"https:\/\/sydialogue.org\/tr\/#website"},"datePublished":"2020-12-06T18:57:22+00:00","dateModified":"2020-12-28T14:01:22+00:00","description":"Politika analiz birimi, Suriye dosyas\u0131ndaki \u00e7e\u015fitli uluslararas\u0131, b\u00f6lgesel veya yerel akt\u00f6rlerin politikalar\u0131n\u0131 incelemek ve analiz etmekle ilgileniyor.","breadcrumb":{"@id":"https:\/\/sydialogue.org\/tr\/politika-analizi-birimi\/#breadcrumb"},"inLanguage":"tr","potentialAction":[{"@type":"ReadAction","target":["https:\/\/sydialogue.org\/tr\/politika-analizi-birimi\/"]}]},{"@type":"BreadcrumbList","@id":"https:\/\/sydialogue.org\/tr\/politika-analizi-birimi\/#breadcrumb","itemListElement":[{"@type":"ListItem","position":1,"name":"\u0627\u0644\u0631\u0626\u064a\u0633\u064a\u0629","item":"https:\/\/sydialogue.org\/tr\/"},{"@type":"ListItem","position":2,"name":"Politika Analiz Birimi"}]},{"@type":"WebSite","@id":"https:\/\/sydialogue.org\/tr\/#website","url":"https:\/\/sydialogue.org\/tr\/","name":"\u0645\u0631\u0643\u0632 \u0627\u0644\u062d\u0648\u0627\u0631 \u0627\u0644\u0633\u0648\u0631\u064a","description":"Suriyeli bir sivil kurum, Suriye halk\u0131n\u0131 ilgilendiren konularda diyalo\u011fu canland\u0131rmay\u0131 ve harekete ge\u00e7irmeyi hedefliyor ve Suriyeliler aras\u0131nda ili\u015fkileri g\u00fc\u00e7lendirmeye ve i\u015fbirli\u011fi ve koordinasyonu harekete ge\u00e7irmeye \u00e7al\u0131\u015f\u0131yor.","potentialAction":[{"@type":"SearchAction","target":{"@type":"EntryPoint","urlTemplate":"https:\/\/sydialogue.org\/tr\/?s={search_term_string}"},"query-input":{"@type":"PropertyValueSpecification","valueRequired":true,"valueName":"search_term_string"}}],"inLanguage":"tr"}]}},"_links":{"self":[{"href":"https:\/\/sydialogue.org\/tr\/wp-json\/wp\/v2\/pages\/2939","targetHints":{"allow":["GET"]}}],"collection":[{"href":"https:\/\/sydialogue.org\/tr\/wp-json\/wp\/v2\/pages"}],"about":[{"href":"https:\/\/sydialogue.org\/tr\/wp-json\/wp\/v2\/types\/page"}],"author":[{"embeddable":true,"href":"https:\/\/sydialogue.org\/tr\/wp-json\/wp\/v2\/users\/1"}],"replies":[{"embeddable":true,"href":"https:\/\/sydialogue.org\/tr\/wp-json\/wp\/v2\/comments?post=2939"}],"version-history":[{"count":3,"href":"https:\/\/sydialogue.org\/tr\/wp-json\/wp\/v2\/pages\/2939\/revisions"}],"predecessor-version":[{"id":4112,"href":"https:\/\/sydialogue.org\/tr\/wp-json\/wp\/v2\/pages\/2939\/revisions\/4112"}],"wp:attachment":[{"href":"https:\/\/sydialogue.org\/tr\/wp-json\/wp\/v2\/media?parent=2939"}],"curies":[{"name":"wp","href":"https:\/\/api.w.org\/{rel}","templated":true}]}}