{"id":2946,"date":"2020-12-06T22:00:02","date_gmt":"2020-12-06T19:00:02","guid":{"rendered":"https:\/\/center.ecertificated.xyz\/?page_id=2946"},"modified":"2020-12-28T17:04:12","modified_gmt":"2020-12-28T14:04:12","slug":"sosyal-birim","status":"publish","type":"page","link":"https:\/\/sydialogue.org\/tr\/sosyal-birim\/","title":{"rendered":"Sosyal Birim"},"content":{"rendered":"<p dir=\"ltr\"><strong>Suriye Diyalog Merkezi Sosyal Birim<\/strong><\/p>\n<p dir=\"ltr\">Suriye Diyalog Merkezi&#8217;nin birimlerinden biri hem Suriye devriminin nedenlerinden ve geri tepmesinden hem de g\u00f6\u00e7 ve iltica deneyimlerinden kaynaklanan \u00e7e\u015fitli toplumsal olaylar\u0131 g\u00f6zlemliyor. Akt\u00f6rlere ve karar vericilere y\u00f6nelik \u00e7\u00f6z\u00fcm ve \u00f6neriler \u00fcretme \u00e7abas\u0131yla, meydana gelen de\u011fi\u015fim ve d\u00f6n\u00fc\u015f\u00fcmleri takip edip bunlara yol a\u00e7an nedenleri tespit ediyor.<\/p>\n<p dir=\"ltr\"><strong>Sosyal Birimin \u0130lgi Alanlar\u0131:<\/strong><\/p>\n<p dir=\"ltr\">Birim, muhalefet b\u00f6lgelerinde bulunan ya da zorla yerinden edilmi\u015f muhacirlerden veya m\u00fcltecilerden olan veya rejimin elinde olan b\u00f6lgelerde bulunan veyahut \u00f6zellikle T\u00fcrkiye gibi civar \u00fclkelere iltica eden Suriyelilerin durumlar\u0131yla ilgileniyor. A\u015fa\u011f\u0131daki ba\u015fl\u0131klar alt\u0131nda \u00e7al\u0131\u015fmalar\u0131n\u0131 y\u00fcr\u00fct\u00fcyor:<\/p>\n<ul dir=\"ltr\">\n<li>Devrimin yank\u0131lar\u0131 neticesinde Suriyelilerin ba\u015f\u0131na gelen toplumsal, fikri ve k\u00fclt\u00fcrel de\u011fi\u015fiklikler.<\/li>\n<li>Suriye sivil toplumunun \u00e7abalar\u0131n\u0131 desteklemek ve sosyal kat\u0131l\u0131m fikrini g\u00fc\u00e7lendirmek<\/li>\n<li>G\u00f6\u00e7 ve iltican\u0131n yank\u0131lar\u0131 neticesinde Suriyelilerin \u00e7ekti\u011fi toplumsal, ekonomik ve e\u011fitimle ilgili problemler<\/li>\n<\/ul>\n<p dir=\"ltr\"><strong>Sosyal Birimin Programlar\u0131:<\/strong><\/p>\n<p dir=\"ltr\">Birimin 3 ana ara\u015ft\u0131rma program\u0131 bulunur:<\/p>\n<ul dir=\"ltr\">\n<li>Suriyelilerin toplumsal sorunlar\u0131n\u0131 ara\u015ft\u0131rma program\u0131<\/li>\n<li>Suriye sivil toplumu ara\u015ft\u0131rma program\u0131<\/li>\n<li>Suriye-T\u00fcrkiye ili\u015fkilerini toplumsal olarak ara\u015ft\u0131rma program\u0131<\/li>\n<\/ul>\n<p dir=\"ltr\"><strong>Sosyal Birimin \u00c7\u0131kt\u0131lar\u0131<\/strong><\/p>\n<p dir=\"ltr\">Birim, de\u011fi\u015fiklikleri izlemeye y\u00f6nelik ara\u015ft\u0131rmalar, \u00e7al\u0131\u015fmalar, analiz belgeleri ve raporlar sa\u011fl\u0131yor. \u00d6zellikle deneyimli ki\u015filerle ve karar mercileriyle diyalog yolunu benimseyerek ara\u015ft\u0131rma y\u00f6ntemlerini kullan\u0131p beklenmedik ve ani toplumsal sorunlar\u0131 g\u00f6zlemliyor, gelebilecek sorunlar\u0131 \u00f6ng\u00f6rerek bunlara \u00e7\u00f6z\u00fcmler \u00f6nermeye \u00e7al\u0131\u015f\u0131yor. Ayr\u0131ca Suriyelilerin ve ilgili ki\u015filerin g\u00f6r\u00fc\u015flerini incelemeye \u00e7al\u0131\u015f\u0131yor; \u00fcr\u00fcnlerini tan\u0131tmak ve geli\u015ftirmek amac\u0131yla \u00e7e\u015fitli etkinlikler d\u00fczenliyor.<\/p>\n<p dir=\"ltr\"><strong>Sosyal birim kimleri hedefliyor:<\/strong><\/p>\n<ol>\n<li dir=\"ltr\">Suriyeli akt\u00f6rler: \u00f6zellikle ilgili alanlardaki aktif ve etkili Suriyeli \u015fahsiyetler.<\/li>\n<li dir=\"ltr\">Suriyelilere hizmet i\u00e7in projeler sunan Suriye sivil toplum kurulu\u015flar\u0131.<\/li>\n<li dir=\"ltr\">Karar vericiler ve T\u00fcrkiye&#8217;deki Suriyeli m\u00fcltecilerin durumu ile ilgilenenler.<\/li>\n<\/ol>\n","protected":false},"excerpt":{"rendered":"<p>Suriye Diyalog Merkezi Sosyal Birim Suriye Diyalog Merkezi&#8217;nin birimlerinden biri hem Suriye devriminin nedenlerinden ve geri tepmesinden hem de g\u00f6\u00e7 ve iltica deneyimlerinden kaynaklanan \u00e7e\u015fitli toplumsal olaylar\u0131 g\u00f6zlemliyor. Akt\u00f6rlere ve karar vericilere y\u00f6nelik \u00e7\u00f6z\u00fcm ve \u00f6neriler \u00fcretme \u00e7abas\u0131yla, meydana gelen de\u011fi\u015fim ve d\u00f6n\u00fc\u015f\u00fcmleri takip edip bunlara yol a\u00e7an nedenleri tespit ediyor. Sosyal Birimin \u0130lgi Alanlar\u0131: &hellip;<\/p>\n","protected":false},"author":1,"featured_media":0,"parent":0,"menu_order":0,"comment_status":"closed","ping_status":"closed","template":"","meta":{"_acf_changed":false,"footnotes":""},"class_list":["post-2946","page","type-page","status-publish","hentry"],"acf":[],"yoast_head":"<!-- This site is optimized with the Yoast SEO plugin v26.0 - https:\/\/yoast.com\/wordpress\/plugins\/seo\/ -->\n<title>Sosyal Birim - Suriye Diyalog Merkezi<\/title>\n<meta name=\"robots\" content=\"index, follow, max-snippet:-1, max-image-preview:large, max-video-preview:-1\" \/>\n<link rel=\"canonical\" href=\"https:\/\/sydialogue.org\/tr\/sosyal-birim\/\" \/>\n<meta property=\"og:locale\" content=\"tr_TR\" \/>\n<meta property=\"og:type\" content=\"article\" \/>\n<meta property=\"og:title\" content=\"Sosyal Birim - Suriye Diyalog Merkezi\" \/>\n<meta property=\"og:description\" content=\"Suriye Diyalog Merkezi Sosyal Birim Suriye Diyalog Merkezi&#8217;nin birimlerinden biri hem Suriye devriminin nedenlerinden ve geri tepmesinden hem de g\u00f6\u00e7 ve iltica deneyimlerinden kaynaklanan \u00e7e\u015fitli toplumsal olaylar\u0131 g\u00f6zlemliyor. Akt\u00f6rlere ve karar vericilere y\u00f6nelik \u00e7\u00f6z\u00fcm ve \u00f6neriler \u00fcretme \u00e7abas\u0131yla, meydana gelen de\u011fi\u015fim ve d\u00f6n\u00fc\u015f\u00fcmleri takip edip bunlara yol a\u00e7an nedenleri tespit ediyor. Sosyal Birimin \u0130lgi Alanlar\u0131: &hellip;\" \/>\n<meta property=\"og:url\" content=\"https:\/\/sydialogue.org\/tr\/sosyal-birim\/\" \/>\n<meta property=\"og:site_name\" content=\"Suriye Diyalog Merkezi\" \/>\n<meta property=\"article:publisher\" content=\"https:\/\/www.facebook.com\/Sydialogue\" \/>\n<meta property=\"article:modified_time\" content=\"2020-12-28T14:04:12+00:00\" \/>\n<meta name=\"twitter:card\" content=\"summary_large_image\" \/>\n<meta name=\"twitter:site\" content=\"@Sydialogue\" \/>\n<meta name=\"twitter:label1\" content=\"Tahmini okuma s\u00fcresi\" \/>\n\t<meta name=\"twitter:data1\" content=\"2 dakika\" \/>\n<script type=\"application\/ld+json\" class=\"yoast-schema-graph\">{\"@context\":\"https:\/\/schema.org\",\"@graph\":[{\"@type\":\"WebPage\",\"@id\":\"https:\/\/sydialogue.org\/tr\/sosyal-birim\/\",\"url\":\"https:\/\/sydialogue.org\/tr\/sosyal-birim\/\",\"name\":\"Sosyal Birim - Suriye Diyalog Merkezi\",\"isPartOf\":{\"@id\":\"https:\/\/sydialogue.org\/tr\/#website\"},\"datePublished\":\"2020-12-06T19:00:02+00:00\",\"dateModified\":\"2020-12-28T14:04:12+00:00\",\"breadcrumb\":{\"@id\":\"https:\/\/sydialogue.org\/tr\/sosyal-birim\/#breadcrumb\"},\"inLanguage\":\"tr\",\"potentialAction\":[{\"@type\":\"ReadAction\",\"target\":[\"https:\/\/sydialogue.org\/tr\/sosyal-birim\/\"]}]},{\"@type\":\"BreadcrumbList\",\"@id\":\"https:\/\/sydialogue.org\/tr\/sosyal-birim\/#breadcrumb\",\"itemListElement\":[{\"@type\":\"ListItem\",\"position\":1,\"name\":\"\u0627\u0644\u0631\u0626\u064a\u0633\u064a\u0629\",\"item\":\"https:\/\/sydialogue.org\/tr\/\"},{\"@type\":\"ListItem\",\"position\":2,\"name\":\"Sosyal Birim\"}]},{\"@type\":\"WebSite\",\"@id\":\"https:\/\/sydialogue.org\/tr\/#website\",\"url\":\"https:\/\/sydialogue.org\/tr\/\",\"name\":\"\u0645\u0631\u0643\u0632 \u0627\u0644\u062d\u0648\u0627\u0631 \u0627\u0644\u0633\u0648\u0631\u064a\",\"description\":\"Suriyeli bir sivil kurum, Suriye halk\u0131n\u0131 ilgilendiren konularda diyalo\u011fu canland\u0131rmay\u0131 ve harekete ge\u00e7irmeyi hedefliyor ve Suriyeliler aras\u0131nda ili\u015fkileri g\u00fc\u00e7lendirmeye ve i\u015fbirli\u011fi ve koordinasyonu harekete ge\u00e7irmeye \u00e7al\u0131\u015f\u0131yor.\",\"potentialAction\":[{\"@type\":\"SearchAction\",\"target\":{\"@type\":\"EntryPoint\",\"urlTemplate\":\"https:\/\/sydialogue.org\/tr\/?s={search_term_string}\"},\"query-input\":{\"@type\":\"PropertyValueSpecification\",\"valueRequired\":true,\"valueName\":\"search_term_string\"}}],\"inLanguage\":\"tr\"}]}<\/script>\n<!-- \/ Yoast SEO plugin. -->","yoast_head_json":{"title":"Sosyal Birim - Suriye Diyalog Merkezi","robots":{"index":"index","follow":"follow","max-snippet":"max-snippet:-1","max-image-preview":"max-image-preview:large","max-video-preview":"max-video-preview:-1"},"canonical":"https:\/\/sydialogue.org\/tr\/sosyal-birim\/","og_locale":"tr_TR","og_type":"article","og_title":"Sosyal Birim - Suriye Diyalog Merkezi","og_description":"Suriye Diyalog Merkezi Sosyal Birim Suriye Diyalog Merkezi&#8217;nin birimlerinden biri hem Suriye devriminin nedenlerinden ve geri tepmesinden hem de g\u00f6\u00e7 ve iltica deneyimlerinden kaynaklanan \u00e7e\u015fitli toplumsal olaylar\u0131 g\u00f6zlemliyor. Akt\u00f6rlere ve karar vericilere y\u00f6nelik \u00e7\u00f6z\u00fcm ve \u00f6neriler \u00fcretme \u00e7abas\u0131yla, meydana gelen de\u011fi\u015fim ve d\u00f6n\u00fc\u015f\u00fcmleri takip edip bunlara yol a\u00e7an nedenleri tespit ediyor. Sosyal Birimin \u0130lgi Alanlar\u0131: &hellip;","og_url":"https:\/\/sydialogue.org\/tr\/sosyal-birim\/","og_site_name":"Suriye Diyalog Merkezi","article_publisher":"https:\/\/www.facebook.com\/Sydialogue","article_modified_time":"2020-12-28T14:04:12+00:00","twitter_card":"summary_large_image","twitter_site":"@Sydialogue","twitter_misc":{"Tahmini okuma s\u00fcresi":"2 dakika"},"schema":{"@context":"https:\/\/schema.org","@graph":[{"@type":"WebPage","@id":"https:\/\/sydialogue.org\/tr\/sosyal-birim\/","url":"https:\/\/sydialogue.org\/tr\/sosyal-birim\/","name":"Sosyal Birim - Suriye Diyalog Merkezi","isPartOf":{"@id":"https:\/\/sydialogue.org\/tr\/#website"},"datePublished":"2020-12-06T19:00:02+00:00","dateModified":"2020-12-28T14:04:12+00:00","breadcrumb":{"@id":"https:\/\/sydialogue.org\/tr\/sosyal-birim\/#breadcrumb"},"inLanguage":"tr","potentialAction":[{"@type":"ReadAction","target":["https:\/\/sydialogue.org\/tr\/sosyal-birim\/"]}]},{"@type":"BreadcrumbList","@id":"https:\/\/sydialogue.org\/tr\/sosyal-birim\/#breadcrumb","itemListElement":[{"@type":"ListItem","position":1,"name":"\u0627\u0644\u0631\u0626\u064a\u0633\u064a\u0629","item":"https:\/\/sydialogue.org\/tr\/"},{"@type":"ListItem","position":2,"name":"Sosyal Birim"}]},{"@type":"WebSite","@id":"https:\/\/sydialogue.org\/tr\/#website","url":"https:\/\/sydialogue.org\/tr\/","name":"\u0645\u0631\u0643\u0632 \u0627\u0644\u062d\u0648\u0627\u0631 \u0627\u0644\u0633\u0648\u0631\u064a","description":"Suriyeli bir sivil kurum, Suriye halk\u0131n\u0131 ilgilendiren konularda diyalo\u011fu canland\u0131rmay\u0131 ve harekete ge\u00e7irmeyi hedefliyor ve Suriyeliler aras\u0131nda ili\u015fkileri g\u00fc\u00e7lendirmeye ve i\u015fbirli\u011fi ve koordinasyonu harekete ge\u00e7irmeye \u00e7al\u0131\u015f\u0131yor.","potentialAction":[{"@type":"SearchAction","target":{"@type":"EntryPoint","urlTemplate":"https:\/\/sydialogue.org\/tr\/?s={search_term_string}"},"query-input":{"@type":"PropertyValueSpecification","valueRequired":true,"valueName":"search_term_string"}}],"inLanguage":"tr"}]}},"_links":{"self":[{"href":"https:\/\/sydialogue.org\/tr\/wp-json\/wp\/v2\/pages\/2946","targetHints":{"allow":["GET"]}}],"collection":[{"href":"https:\/\/sydialogue.org\/tr\/wp-json\/wp\/v2\/pages"}],"about":[{"href":"https:\/\/sydialogue.org\/tr\/wp-json\/wp\/v2\/types\/page"}],"author":[{"embeddable":true,"href":"https:\/\/sydialogue.org\/tr\/wp-json\/wp\/v2\/users\/1"}],"replies":[{"embeddable":true,"href":"https:\/\/sydialogue.org\/tr\/wp-json\/wp\/v2\/comments?post=2946"}],"version-history":[{"count":5,"href":"https:\/\/sydialogue.org\/tr\/wp-json\/wp\/v2\/pages\/2946\/revisions"}],"predecessor-version":[{"id":4114,"href":"https:\/\/sydialogue.org\/tr\/wp-json\/wp\/v2\/pages\/2946\/revisions\/4114"}],"wp:attachment":[{"href":"https:\/\/sydialogue.org\/tr\/wp-json\/wp\/v2\/media?parent=2946"}],"curies":[{"name":"wp","href":"https:\/\/api.w.org\/{rel}","templated":true}]}}