{"id":2953,"date":"2020-12-06T22:09:36","date_gmt":"2020-12-06T19:09:36","guid":{"rendered":"https:\/\/center.ecertificated.xyz\/?page_id=2953"},"modified":"2020-12-28T16:59:38","modified_gmt":"2020-12-28T13:59:38","slug":"ortak-kimlik-ve-uzlasi-birimi","status":"publish","type":"page","link":"https:\/\/sydialogue.org\/tr\/ortak-kimlik-ve-uzlasi-birimi\/","title":{"rendered":"Uzla\u015f\u0131 ve Ortak Kimlik Birimi"},"content":{"rendered":"<p dir=\"ltr\"><strong>Uzla\u015f\u0131 ve Ortak Kimlik Birimi Nedir?<\/strong><\/p>\n<p dir=\"ltr\">Suriye Diyalog Merkezi&#8217;nin, Suriye toplumunun farkl\u0131 kesimleri aras\u0131nda diyalog k\u00fclt\u00fcr\u00fcn\u00fc yayg\u0131nla\u015ft\u0131rmak, Suriye toplumunun ortak kimli\u011fini g\u00fc\u00e7lendirmek ve \u00e7e\u015fitli gruplar aras\u0131nda gerekli miktarda fikir birli\u011fini in\u015fa etmek i\u00e7in \u00e7al\u0131\u015fan birimidir. Suriye g\u00fc\u00e7leri ve ak\u0131mlar\u0131 aras\u0131ndaki g\u00f6r\u00fc\u015fleri birbirine yakla\u015ft\u0131rarak \u00f6nemli ulusal meselelere y\u00f6nelik ortak g\u00f6r\u00fc\u015fleri ortaya \u00e7\u0131karmaya \u00e7al\u0131\u015f\u0131yor.<\/p>\n<p dir=\"ltr\"><strong>Ni\u00e7in Uzla\u015f\u0131 ve Ortak Kimlik Birimi?<\/strong><\/p>\n<ul dir=\"ltr\">\n<li>Diyalog olmadan uzla\u015f\u0131 olmaz; ayn\u0131 \u015fekilde kendisini ta\u015f\u0131yan bir k\u00fclt\u00fcr\u00fc olmayan diyalog da olamaz. Suriyeliler onlarca y\u0131ld\u0131r, &#8220;tek g\u00f6r\u00fc\u015f&#8221; ve &#8220;tek parti&#8221; ideolojisinin egemenli\u011finin g\u00f6lgesi alt\u0131nda, aralar\u0131nda zay\u0131f bir diyalog k\u00fclt\u00fcr\u00fcn\u00fcn olmas\u0131ndan ac\u0131 \u00e7ekiyorlar. Sonu\u00e7 olarak, uzla\u015fma i\u00e7in uygun ortam olu\u015fturacak \u015fekilde kendilerini bu k\u00fclt\u00fcre adamalar\u0131 ve hem kendi i\u00e7lerinde hem de gelecek nesillere yaymalar\u0131 acil bir ihtiya\u00e7 halini alm\u0131\u015ft\u0131r.<\/li>\n<li>Suriyeliler, ortak bir ulusal kimlik \u00fczerine bulu\u015fman\u0131n \u00f6\u011felerine ve k\u00f6klerine sahiptirler \u00e7\u00fcnk\u00fc bu kimlik i\u00e7in Suriye toplumunun fertleri aras\u0131nda sa\u011flam ve m\u00fc\u015fterek bir zemin var, ancak bu \u00f6\u011felerin ger\u00e7ek ve etkili bir diyalo\u011fa ihtiyac\u0131 var.<\/li>\n<li>Devrim, despotizm ve mezhep\u00e7ilikle m\u00fccadelesinde, belirli bir ak\u0131m\u0131n, partinin veya ideolojinin g\u00f6r\u00fc\u015f\u00fcyle \u200b\u200bkazan\u0131lamaz; aksine su\u00e7 d\u00fczenini bozmak ve ona kar\u015f\u0131 durmak i\u00e7in farkl\u0131 g\u00f6r\u00fc\u015fleri, varl\u0131klar\u0131 ve y\u00f6nelimleri ile Suriyelilerin bir araya gelmeleri gerekiyor.<\/li>\n<\/ul>\n<p dir=\"ltr\"><strong>Uzla\u015f\u0131 ve Ortak Kimlik Biriminin Programlar\u0131<\/strong><\/p>\n<p dir=\"ltr\">\u201cUzla\u015f\u0131\u201d program\u0131, ara\u015ft\u0131rmalar ve gayretli diyaloglarla Suriyeliler aras\u0131nda \u00e7e\u015fitli d\u00fczeylerde uzla\u015f\u0131 sa\u011flamaya \u00e7al\u0131\u015fan bir programd\u0131r:<\/p>\n<ul dir=\"ltr\">\n<li>Suriye stratejik uzla\u015fmas\u0131: \u0130ster g\u00fc\u00e7 ister bile\u015fen olsun Suriyeliler aras\u0131nda ortak Suriye kimli\u011fi meselesine y\u00f6nelik uzla\u015fma sa\u011flamaya odaklan\u0131yor.<\/li>\n<li>Suriye&#8217;nin g\u00f6r\u00fc\u015f &#8220;taktiksel&#8221; uzla\u015fmas\u0131: G\u00f6r\u00fc\u015f \u00e7oklu\u011funun Esed rejiminin yok etmeye \u00e7al\u0131\u015ft\u0131\u011f\u0131 sa\u011fl\u0131kl\u0131 bir hal oldu\u011funa olan derin inanc\u0131m\u0131za ra\u011fmen, Suriye\u2019nin i\u00e7inde bulundu\u011fu istisnai ko\u015fullar alt\u0131nda Suriye g\u00fc\u00e7lerinin aras\u0131nda veya g\u00fc\u00e7lerle halk aras\u0131nda anla\u015fmazl\u0131ktan do\u011fabilecek da\u011f\u0131lma ve par\u00e7alanma d\u00fczeyinde \u00e7\u0131kabilecek tehlikeli sonu\u00e7lardan dolay\u0131, ondan sonraki y\u00f6nelimlerin temelini olu\u015fturacak g\u00f6r\u00fc\u015fler seviyesinde uzla\u015fmaya ihtiya\u00e7 duyulmaktad\u0131r.<\/li>\n<li>Ortak anlay\u0131\u015f: Uzla\u015fmaya varmadan \u00f6nce diyalog \u00fczerine uzla\u015f\u0131 ile do\u011frudan sonu\u00e7lanmasa bile taraflar\u0131n bak\u0131\u015f a\u00e7\u0131lar\u0131na dinlendi\u011fi a\u015famad\u0131r. Bu a\u015famada merkez; g\u00fc\u00e7ler aras\u0131nda, g\u00fc\u00e7lerle halk aras\u0131nda veya halk bile\u015fenleri aras\u0131nda kutupla\u015fman\u0131n oldu\u011fu konulara e\u011filme hususunda \u00e7ok \u00e7aba harcar. B\u00f6ylece taraflar\u0131n bak\u0131\u015f a\u00e7\u0131lar\u0131n\u0131 yak\u0131nla\u015ft\u0131rmaya ya da her iki taraf\u0131n birbirlerini anlamas\u0131na katk\u0131 sa\u011flar.<\/li>\n<\/ul>\n<p dir=\"ltr\">\u201c\u0130n\u015fa\u201d program\u0131: Diyalog s\u00fcreci i\u00e7in uygun ortam\u0131 olu\u015fturmakla ilgili s\u00fcre\u00e7tir. Bu da ba\u015fl\u0131calar\u0131 a\u015fa\u011f\u0131da verilen baz\u0131 ara\u00e7larla ger\u00e7ekle\u015ftirilir:<\/p>\n<ul dir=\"ltr\">\n<li>E\u011fitim yoluyla veya diyalog felsefesi ve k\u00fclt\u00fcr\u00fc ile ilgili ara\u015ft\u0131rmalar yay\u0131nlayarak diyalog yeteneklerini in\u015fa etmek<\/li>\n<li>Diyalog i\u00e7in hedeflenen taraflar ya da Suriyeli olu\u015fumlar aras\u0131nda g\u00fcven in\u015fa etmek.<\/li>\n<\/ul>\n","protected":false},"excerpt":{"rendered":"<p>Uzla\u015f\u0131 ve Ortak Kimlik Birimi Nedir? Suriye Diyalog Merkezi&#8217;nin, Suriye toplumunun farkl\u0131 kesimleri aras\u0131nda diyalog k\u00fclt\u00fcr\u00fcn\u00fc yayg\u0131nla\u015ft\u0131rmak, Suriye toplumunun ortak kimli\u011fini g\u00fc\u00e7lendirmek ve \u00e7e\u015fitli gruplar aras\u0131nda gerekli miktarda fikir birli\u011fini in\u015fa etmek i\u00e7in \u00e7al\u0131\u015fan birimidir. Suriye g\u00fc\u00e7leri ve ak\u0131mlar\u0131 aras\u0131ndaki g\u00f6r\u00fc\u015fleri birbirine yakla\u015ft\u0131rarak \u00f6nemli ulusal meselelere y\u00f6nelik ortak g\u00f6r\u00fc\u015fleri ortaya \u00e7\u0131karmaya \u00e7al\u0131\u015f\u0131yor. Ni\u00e7in Uzla\u015f\u0131 ve &hellip;<\/p>\n","protected":false},"author":1,"featured_media":0,"parent":0,"menu_order":0,"comment_status":"closed","ping_status":"closed","template":"","meta":{"_acf_changed":false,"footnotes":""},"class_list":["post-2953","page","type-page","status-publish","hentry"],"acf":[],"yoast_head":"<!-- This site is optimized with the Yoast SEO plugin v26.0 - https:\/\/yoast.com\/wordpress\/plugins\/seo\/ -->\n<title>Uzla\u015f\u0131 ve Ortak Kimlik Birimi - Suriye Diyalog Merkezi<\/title>\n<meta name=\"robots\" content=\"index, follow, max-snippet:-1, max-image-preview:large, max-video-preview:-1\" \/>\n<link rel=\"canonical\" href=\"https:\/\/sydialogue.org\/tr\/ortak-kimlik-ve-uzlasi-birimi\/\" \/>\n<meta property=\"og:locale\" content=\"tr_TR\" \/>\n<meta property=\"og:type\" content=\"article\" \/>\n<meta property=\"og:title\" content=\"Uzla\u015f\u0131 ve Ortak Kimlik Birimi - Suriye Diyalog Merkezi\" \/>\n<meta property=\"og:description\" content=\"Uzla\u015f\u0131 ve Ortak Kimlik Birimi Nedir? Suriye Diyalog Merkezi&#8217;nin, Suriye toplumunun farkl\u0131 kesimleri aras\u0131nda diyalog k\u00fclt\u00fcr\u00fcn\u00fc yayg\u0131nla\u015ft\u0131rmak, Suriye toplumunun ortak kimli\u011fini g\u00fc\u00e7lendirmek ve \u00e7e\u015fitli gruplar aras\u0131nda gerekli miktarda fikir birli\u011fini in\u015fa etmek i\u00e7in \u00e7al\u0131\u015fan birimidir. Suriye g\u00fc\u00e7leri ve ak\u0131mlar\u0131 aras\u0131ndaki g\u00f6r\u00fc\u015fleri birbirine yakla\u015ft\u0131rarak \u00f6nemli ulusal meselelere y\u00f6nelik ortak g\u00f6r\u00fc\u015fleri ortaya \u00e7\u0131karmaya \u00e7al\u0131\u015f\u0131yor. Ni\u00e7in Uzla\u015f\u0131 ve &hellip;\" \/>\n<meta property=\"og:url\" content=\"https:\/\/sydialogue.org\/tr\/ortak-kimlik-ve-uzlasi-birimi\/\" \/>\n<meta property=\"og:site_name\" content=\"Suriye Diyalog Merkezi\" \/>\n<meta property=\"article:publisher\" content=\"https:\/\/www.facebook.com\/Sydialogue\" \/>\n<meta property=\"article:modified_time\" content=\"2020-12-28T13:59:38+00:00\" \/>\n<meta name=\"twitter:card\" content=\"summary_large_image\" \/>\n<meta name=\"twitter:site\" content=\"@Sydialogue\" \/>\n<meta name=\"twitter:label1\" content=\"Tahmini okuma s\u00fcresi\" \/>\n\t<meta name=\"twitter:data1\" content=\"3 dakika\" \/>\n<script type=\"application\/ld+json\" class=\"yoast-schema-graph\">{\"@context\":\"https:\/\/schema.org\",\"@graph\":[{\"@type\":\"WebPage\",\"@id\":\"https:\/\/sydialogue.org\/tr\/ortak-kimlik-ve-uzlasi-birimi\/\",\"url\":\"https:\/\/sydialogue.org\/tr\/ortak-kimlik-ve-uzlasi-birimi\/\",\"name\":\"Uzla\u015f\u0131 ve Ortak Kimlik Birimi - Suriye Diyalog Merkezi\",\"isPartOf\":{\"@id\":\"https:\/\/sydialogue.org\/tr\/#website\"},\"datePublished\":\"2020-12-06T19:09:36+00:00\",\"dateModified\":\"2020-12-28T13:59:38+00:00\",\"breadcrumb\":{\"@id\":\"https:\/\/sydialogue.org\/tr\/ortak-kimlik-ve-uzlasi-birimi\/#breadcrumb\"},\"inLanguage\":\"tr\",\"potentialAction\":[{\"@type\":\"ReadAction\",\"target\":[\"https:\/\/sydialogue.org\/tr\/ortak-kimlik-ve-uzlasi-birimi\/\"]}]},{\"@type\":\"BreadcrumbList\",\"@id\":\"https:\/\/sydialogue.org\/tr\/ortak-kimlik-ve-uzlasi-birimi\/#breadcrumb\",\"itemListElement\":[{\"@type\":\"ListItem\",\"position\":1,\"name\":\"\u0627\u0644\u0631\u0626\u064a\u0633\u064a\u0629\",\"item\":\"https:\/\/sydialogue.org\/tr\/\"},{\"@type\":\"ListItem\",\"position\":2,\"name\":\"Uzla\u015f\u0131 ve Ortak Kimlik Birimi\"}]},{\"@type\":\"WebSite\",\"@id\":\"https:\/\/sydialogue.org\/tr\/#website\",\"url\":\"https:\/\/sydialogue.org\/tr\/\",\"name\":\"\u0645\u0631\u0643\u0632 \u0627\u0644\u062d\u0648\u0627\u0631 \u0627\u0644\u0633\u0648\u0631\u064a\",\"description\":\"Suriyeli bir sivil kurum, Suriye halk\u0131n\u0131 ilgilendiren konularda diyalo\u011fu canland\u0131rmay\u0131 ve harekete ge\u00e7irmeyi hedefliyor ve Suriyeliler aras\u0131nda ili\u015fkileri g\u00fc\u00e7lendirmeye ve i\u015fbirli\u011fi ve koordinasyonu harekete ge\u00e7irmeye \u00e7al\u0131\u015f\u0131yor.\",\"potentialAction\":[{\"@type\":\"SearchAction\",\"target\":{\"@type\":\"EntryPoint\",\"urlTemplate\":\"https:\/\/sydialogue.org\/tr\/?s={search_term_string}\"},\"query-input\":{\"@type\":\"PropertyValueSpecification\",\"valueRequired\":true,\"valueName\":\"search_term_string\"}}],\"inLanguage\":\"tr\"}]}<\/script>\n<!-- \/ Yoast SEO plugin. -->","yoast_head_json":{"title":"Uzla\u015f\u0131 ve Ortak Kimlik Birimi - Suriye Diyalog Merkezi","robots":{"index":"index","follow":"follow","max-snippet":"max-snippet:-1","max-image-preview":"max-image-preview:large","max-video-preview":"max-video-preview:-1"},"canonical":"https:\/\/sydialogue.org\/tr\/ortak-kimlik-ve-uzlasi-birimi\/","og_locale":"tr_TR","og_type":"article","og_title":"Uzla\u015f\u0131 ve Ortak Kimlik Birimi - Suriye Diyalog Merkezi","og_description":"Uzla\u015f\u0131 ve Ortak Kimlik Birimi Nedir? Suriye Diyalog Merkezi&#8217;nin, Suriye toplumunun farkl\u0131 kesimleri aras\u0131nda diyalog k\u00fclt\u00fcr\u00fcn\u00fc yayg\u0131nla\u015ft\u0131rmak, Suriye toplumunun ortak kimli\u011fini g\u00fc\u00e7lendirmek ve \u00e7e\u015fitli gruplar aras\u0131nda gerekli miktarda fikir birli\u011fini in\u015fa etmek i\u00e7in \u00e7al\u0131\u015fan birimidir. Suriye g\u00fc\u00e7leri ve ak\u0131mlar\u0131 aras\u0131ndaki g\u00f6r\u00fc\u015fleri birbirine yakla\u015ft\u0131rarak \u00f6nemli ulusal meselelere y\u00f6nelik ortak g\u00f6r\u00fc\u015fleri ortaya \u00e7\u0131karmaya \u00e7al\u0131\u015f\u0131yor. Ni\u00e7in Uzla\u015f\u0131 ve &hellip;","og_url":"https:\/\/sydialogue.org\/tr\/ortak-kimlik-ve-uzlasi-birimi\/","og_site_name":"Suriye Diyalog Merkezi","article_publisher":"https:\/\/www.facebook.com\/Sydialogue","article_modified_time":"2020-12-28T13:59:38+00:00","twitter_card":"summary_large_image","twitter_site":"@Sydialogue","twitter_misc":{"Tahmini okuma s\u00fcresi":"3 dakika"},"schema":{"@context":"https:\/\/schema.org","@graph":[{"@type":"WebPage","@id":"https:\/\/sydialogue.org\/tr\/ortak-kimlik-ve-uzlasi-birimi\/","url":"https:\/\/sydialogue.org\/tr\/ortak-kimlik-ve-uzlasi-birimi\/","name":"Uzla\u015f\u0131 ve Ortak Kimlik Birimi - Suriye Diyalog Merkezi","isPartOf":{"@id":"https:\/\/sydialogue.org\/tr\/#website"},"datePublished":"2020-12-06T19:09:36+00:00","dateModified":"2020-12-28T13:59:38+00:00","breadcrumb":{"@id":"https:\/\/sydialogue.org\/tr\/ortak-kimlik-ve-uzlasi-birimi\/#breadcrumb"},"inLanguage":"tr","potentialAction":[{"@type":"ReadAction","target":["https:\/\/sydialogue.org\/tr\/ortak-kimlik-ve-uzlasi-birimi\/"]}]},{"@type":"BreadcrumbList","@id":"https:\/\/sydialogue.org\/tr\/ortak-kimlik-ve-uzlasi-birimi\/#breadcrumb","itemListElement":[{"@type":"ListItem","position":1,"name":"\u0627\u0644\u0631\u0626\u064a\u0633\u064a\u0629","item":"https:\/\/sydialogue.org\/tr\/"},{"@type":"ListItem","position":2,"name":"Uzla\u015f\u0131 ve Ortak Kimlik Birimi"}]},{"@type":"WebSite","@id":"https:\/\/sydialogue.org\/tr\/#website","url":"https:\/\/sydialogue.org\/tr\/","name":"\u0645\u0631\u0643\u0632 \u0627\u0644\u062d\u0648\u0627\u0631 \u0627\u0644\u0633\u0648\u0631\u064a","description":"Suriyeli bir sivil kurum, Suriye halk\u0131n\u0131 ilgilendiren konularda diyalo\u011fu canland\u0131rmay\u0131 ve harekete ge\u00e7irmeyi hedefliyor ve Suriyeliler aras\u0131nda ili\u015fkileri g\u00fc\u00e7lendirmeye ve i\u015fbirli\u011fi ve koordinasyonu harekete ge\u00e7irmeye \u00e7al\u0131\u015f\u0131yor.","potentialAction":[{"@type":"SearchAction","target":{"@type":"EntryPoint","urlTemplate":"https:\/\/sydialogue.org\/tr\/?s={search_term_string}"},"query-input":{"@type":"PropertyValueSpecification","valueRequired":true,"valueName":"search_term_string"}}],"inLanguage":"tr"}]}},"_links":{"self":[{"href":"https:\/\/sydialogue.org\/tr\/wp-json\/wp\/v2\/pages\/2953","targetHints":{"allow":["GET"]}}],"collection":[{"href":"https:\/\/sydialogue.org\/tr\/wp-json\/wp\/v2\/pages"}],"about":[{"href":"https:\/\/sydialogue.org\/tr\/wp-json\/wp\/v2\/types\/page"}],"author":[{"embeddable":true,"href":"https:\/\/sydialogue.org\/tr\/wp-json\/wp\/v2\/users\/1"}],"replies":[{"embeddable":true,"href":"https:\/\/sydialogue.org\/tr\/wp-json\/wp\/v2\/comments?post=2953"}],"version-history":[{"count":3,"href":"https:\/\/sydialogue.org\/tr\/wp-json\/wp\/v2\/pages\/2953\/revisions"}],"predecessor-version":[{"id":4111,"href":"https:\/\/sydialogue.org\/tr\/wp-json\/wp\/v2\/pages\/2953\/revisions\/4111"}],"wp:attachment":[{"href":"https:\/\/sydialogue.org\/tr\/wp-json\/wp\/v2\/media?parent=2953"}],"curies":[{"name":"wp","href":"https:\/\/api.w.org\/{rel}","templated":true}]}}